{"id":545,"date":"2024-12-24T11:25:08","date_gmt":"2024-12-24T11:25:08","guid":{"rendered":"https:\/\/paripesa-zambia.com\/official-application\/"},"modified":"2026-02-24T11:42:26","modified_gmt":"2026-02-24T11:42:26","slug":"paripesa-app","status":"publish","type":"page","link":"https:\/\/paripesa-zambia.com\/fr\/paripesa-app\/","title":{"rendered":"Paripesa App"},"content":{"rendered":"","protected":false},"excerpt":{"rendered":"","protected":false},"author":1,"featured_media":0,"parent":0,"menu_order":0,"comment_status":"closed","ping_status":"closed","template":"views\/page-home.php","meta":{"footnotes":""},"acf":[],"yoast_head":"<!-- This site is optimized with the Yoast SEO plugin v22.9 - https:\/\/yoast.com\/wordpress\/plugins\/seo\/ -->\n<title>Application officielle Paripesa \ud83c\udfb2 T\u00e9l\u00e9chargez la meilleure application de paris en Zambie<\/title>\n<meta name=\"description\" content=\"L&#039;application officielle Paripesa APP vous permet de parier en toute simplicit\u00e9. Profitez de cotes exceptionnelles, de matchs passionnants et de gains potentiels \u00e9lev\u00e9s en rejoignant Paripesa d\u00e8s aujourd&#039;hui\u00a0!\" \/>\n<meta name=\"robots\" content=\"index, follow, max-snippet:-1, max-image-preview:large, max-video-preview:-1\" \/>\n<meta property=\"og:locale\" content=\"fr_FR\" \/>\n<meta property=\"og:type\" content=\"article\" \/>\n<meta property=\"og:url\" content=\"https:\/\/paripesa-zambia.com\/fr\/paripesa-app\/\" \/>\n<meta property=\"og:site_name\" content=\"PariPesa Zambia\" \/>\n<meta property=\"article:modified_time\" content=\"2026-02-24T11:42:26+00:00\" \/>\n<!-- \/ Yoast SEO plugin. -->","yoast_head_json":{"title":"Application officielle Paripesa \ud83c\udfb2 T\u00e9l\u00e9chargez la meilleure application de paris en Zambie","description":"L'application officielle Paripesa APP vous permet de parier en toute simplicit\u00e9. Profitez de cotes exceptionnelles, de matchs passionnants et de gains potentiels \u00e9lev\u00e9s en rejoignant Paripesa d\u00e8s aujourd'hui\u00a0!","robots":{"index":"index","follow":"follow","max-snippet":"max-snippet:-1","max-image-preview":"max-image-preview:large","max-video-preview":"max-video-preview:-1"},"og_locale":"fr_FR","og_type":"article","og_url":"https:\/\/paripesa-zambia.com\/fr\/paripesa-app\/","og_site_name":"PariPesa Zambia","article_modified_time":"2026-02-24T11:42:26+00:00","schema":{"@context":"https:\/\/schema.org","@graph":[{"@type":"WebPage","@id":"https:\/\/paripesa-zambia.com\/fr\/paripesa-app\/","url":"https:\/\/paripesa-zambia.com\/fr\/paripesa-app\/","name":"Application officielle Paripesa \ud83c\udfb2 T\u00e9l\u00e9chargez la meilleure application de paris en Zambie","isPartOf":{"@id":"https:\/\/paripesa-zambia.com\/#website"},"datePublished":"2024-12-24T11:25:08+00:00","dateModified":"2026-02-24T11:42:26+00:00","description":"L'application officielle Paripesa APP vous permet de parier en toute simplicit\u00e9. Profitez de cotes exceptionnelles, de matchs passionnants et de gains potentiels \u00e9lev\u00e9s en rejoignant Paripesa d\u00e8s aujourd'hui\u00a0!","breadcrumb":{"@id":"https:\/\/paripesa-zambia.com\/fr\/paripesa-app\/#breadcrumb"},"inLanguage":"fr-FR","potentialAction":[{"@type":"ReadAction","target":["https:\/\/paripesa-zambia.com\/fr\/paripesa-app\/"]}]},{"@type":"BreadcrumbList","@id":"https:\/\/paripesa-zambia.com\/fr\/paripesa-app\/#breadcrumb","itemListElement":[{"@type":"ListItem","position":1,"name":"Paripesa","item":"https:\/\/paripesa-zambia.com\/fr\/"},{"@type":"ListItem","position":2,"name":"Paripesa App"}]},{"@type":"WebSite","@id":"https:\/\/paripesa-zambia.com\/#website","url":"https:\/\/paripesa-zambia.com\/","name":"PariPesa Zambia","description":"PariPesa Zambia","potentialAction":[{"@type":"SearchAction","target":{"@type":"EntryPoint","urlTemplate":"https:\/\/paripesa-zambia.com\/?s={search_term_string}"},"query-input":"required name=search_term_string"}],"inLanguage":"fr-FR"}]}},"_links":{"self":[{"href":"https:\/\/paripesa-zambia.com\/fr\/wp-json\/wp\/v2\/pages\/545"}],"collection":[{"href":"https:\/\/paripesa-zambia.com\/fr\/wp-json\/wp\/v2\/pages"}],"about":[{"href":"https:\/\/paripesa-zambia.com\/fr\/wp-json\/wp\/v2\/types\/page"}],"author":[{"embeddable":true,"href":"https:\/\/paripesa-zambia.com\/fr\/wp-json\/wp\/v2\/users\/1"}],"replies":[{"embeddable":true,"href":"https:\/\/paripesa-zambia.com\/fr\/wp-json\/wp\/v2\/comments?post=545"}],"version-history":[{"count":7,"href":"https:\/\/paripesa-zambia.com\/fr\/wp-json\/wp\/v2\/pages\/545\/revisions"}],"predecessor-version":[{"id":614,"href":"https:\/\/paripesa-zambia.com\/fr\/wp-json\/wp\/v2\/pages\/545\/revisions\/614"}],"wp:attachment":[{"href":"https:\/\/paripesa-zambia.com\/fr\/wp-json\/wp\/v2\/media?parent=545"}],"curies":[{"name":"wp","href":"https:\/\/api.w.org\/{rel}","templated":true}]}}