{"id":532,"date":"2025-12-17T09:06:26","date_gmt":"2025-12-17T09:06:26","guid":{"rendered":"https:\/\/paripesa-zambia.com\/?page_id=532"},"modified":"2026-02-24T11:42:12","modified_gmt":"2026-02-24T11:42:12","slug":"paripesa-live","status":"publish","type":"page","link":"https:\/\/paripesa-zambia.com\/fr\/paripesa-live\/","title":{"rendered":"Paripesa Live"},"content":{"rendered":"","protected":false},"excerpt":{"rendered":"","protected":false},"author":1,"featured_media":0,"parent":0,"menu_order":0,"comment_status":"closed","ping_status":"closed","template":"views\/page-home.php","meta":{"footnotes":""},"acf":[],"yoast_head":"<!-- This site is optimized with the Yoast SEO plugin v22.9 - https:\/\/yoast.com\/wordpress\/plugins\/seo\/ -->\n<title>Paripesa Live Zambie \u2013 Paris sportifs en direct et cotes en temps r\u00e9el<\/title>\n<meta name=\"description\" content=\"D\u00e9couvrez les paris sportifs en direct sur Paripesa Live en Zambie. Cotes live actualis\u00e9es, pronostics en temps r\u00e9el et exp\u00e9rience immersive pour chaque match.\" \/>\n<meta name=\"robots\" content=\"index, follow, max-snippet:-1, max-image-preview:large, max-video-preview:-1\" \/>\n<meta property=\"og:locale\" content=\"fr_FR\" \/>\n<meta property=\"og:type\" content=\"article\" \/>\n<meta property=\"og:url\" content=\"https:\/\/paripesa-zambia.com\/fr\/paripesa-live\/\" \/>\n<meta property=\"og:site_name\" content=\"PariPesa Zambia\" \/>\n<meta property=\"article:modified_time\" content=\"2026-02-24T11:42:12+00:00\" \/>\n<!-- \/ Yoast SEO plugin. -->","yoast_head_json":{"title":"Paripesa Live Zambie \u2013 Paris sportifs en direct et cotes en temps r\u00e9el","description":"D\u00e9couvrez les paris sportifs en direct sur Paripesa Live en Zambie. Cotes live actualis\u00e9es, pronostics en temps r\u00e9el et exp\u00e9rience immersive pour chaque match.","robots":{"index":"index","follow":"follow","max-snippet":"max-snippet:-1","max-image-preview":"max-image-preview:large","max-video-preview":"max-video-preview:-1"},"og_locale":"fr_FR","og_type":"article","og_url":"https:\/\/paripesa-zambia.com\/fr\/paripesa-live\/","og_site_name":"PariPesa Zambia","article_modified_time":"2026-02-24T11:42:12+00:00","schema":{"@context":"https:\/\/schema.org","@graph":[{"@type":"WebPage","@id":"https:\/\/paripesa-zambia.com\/fr\/paripesa-live\/","url":"https:\/\/paripesa-zambia.com\/fr\/paripesa-live\/","name":"Paripesa Live Zambie \u2013 Paris sportifs en direct et cotes en temps r\u00e9el","isPartOf":{"@id":"https:\/\/paripesa-zambia.com\/#website"},"datePublished":"2025-12-17T09:06:26+00:00","dateModified":"2026-02-24T11:42:12+00:00","description":"D\u00e9couvrez les paris sportifs en direct sur Paripesa Live en Zambie. Cotes live actualis\u00e9es, pronostics en temps r\u00e9el et exp\u00e9rience immersive pour chaque match.","breadcrumb":{"@id":"https:\/\/paripesa-zambia.com\/fr\/paripesa-live\/#breadcrumb"},"inLanguage":"fr-FR","potentialAction":[{"@type":"ReadAction","target":["https:\/\/paripesa-zambia.com\/fr\/paripesa-live\/"]}]},{"@type":"BreadcrumbList","@id":"https:\/\/paripesa-zambia.com\/fr\/paripesa-live\/#breadcrumb","itemListElement":[{"@type":"ListItem","position":1,"name":"Paripesa","item":"https:\/\/paripesa-zambia.com\/fr\/"},{"@type":"ListItem","position":2,"name":"Paripesa Live"}]},{"@type":"WebSite","@id":"https:\/\/paripesa-zambia.com\/#website","url":"https:\/\/paripesa-zambia.com\/","name":"PariPesa Zambia","description":"PariPesa Zambia","potentialAction":[{"@type":"SearchAction","target":{"@type":"EntryPoint","urlTemplate":"https:\/\/paripesa-zambia.com\/?s={search_term_string}"},"query-input":"required name=search_term_string"}],"inLanguage":"fr-FR"}]}},"_links":{"self":[{"href":"https:\/\/paripesa-zambia.com\/fr\/wp-json\/wp\/v2\/pages\/532"}],"collection":[{"href":"https:\/\/paripesa-zambia.com\/fr\/wp-json\/wp\/v2\/pages"}],"about":[{"href":"https:\/\/paripesa-zambia.com\/fr\/wp-json\/wp\/v2\/types\/page"}],"author":[{"embeddable":true,"href":"https:\/\/paripesa-zambia.com\/fr\/wp-json\/wp\/v2\/users\/1"}],"replies":[{"embeddable":true,"href":"https:\/\/paripesa-zambia.com\/fr\/wp-json\/wp\/v2\/comments?post=532"}],"version-history":[{"count":4,"href":"https:\/\/paripesa-zambia.com\/fr\/wp-json\/wp\/v2\/pages\/532\/revisions"}],"predecessor-version":[{"id":613,"href":"https:\/\/paripesa-zambia.com\/fr\/wp-json\/wp\/v2\/pages\/532\/revisions\/613"}],"wp:attachment":[{"href":"https:\/\/paripesa-zambia.com\/fr\/wp-json\/wp\/v2\/media?parent=532"}],"curies":[{"name":"wp","href":"https:\/\/api.w.org\/{rel}","templated":true}]}}