{"id":519,"date":"2025-12-16T11:23:53","date_gmt":"2025-12-16T11:23:53","guid":{"rendered":"https:\/\/paripesa-zambia.com\/?page_id=519"},"modified":"2026-02-24T10:43:02","modified_gmt":"2026-02-24T10:43:02","slug":"paris-sportifs","status":"publish","type":"page","link":"https:\/\/paripesa-zambia.com\/fr\/paris-sportifs\/","title":{"rendered":"Betting Lines"},"content":{"rendered":"","protected":false},"excerpt":{"rendered":"","protected":false},"author":1,"featured_media":0,"parent":0,"menu_order":0,"comment_status":"closed","ping_status":"closed","template":"views\/page-home.php","meta":{"footnotes":""},"acf":[],"yoast_head":"<!-- This site is optimized with the Yoast SEO plugin v22.9 - https:\/\/yoast.com\/wordpress\/plugins\/seo\/ -->\n<title>Derni\u00e8res lignes de paris sportifs sur Paripesa Bet - Cotes \u00e9lev\u00e9es<\/title>\n<meta name=\"description\" content=\"Retrouvez les derni\u00e8res lignes de paris sur Paripesa Bet. Ligue des Champions, NBA, Coupe Davis et paris en direct avec des cotes parmi les plus \u00e9lev\u00e9es du march\u00e9.\" \/>\n<meta name=\"robots\" content=\"index, follow, max-snippet:-1, max-image-preview:large, max-video-preview:-1\" \/>\n<meta property=\"og:locale\" content=\"fr_FR\" \/>\n<meta property=\"og:type\" content=\"article\" \/>\n<meta property=\"og:url\" content=\"https:\/\/paripesa-zambia.com\/fr\/paris-sportifs\/\" \/>\n<meta property=\"og:site_name\" content=\"PariPesa Zambia\" \/>\n<meta property=\"article:modified_time\" content=\"2026-02-24T10:43:02+00:00\" \/>\n<!-- \/ Yoast SEO plugin. -->","yoast_head_json":{"title":"Derni\u00e8res lignes de paris sportifs sur Paripesa Bet - Cotes \u00e9lev\u00e9es","description":"Retrouvez les derni\u00e8res lignes de paris sur Paripesa Bet. Ligue des Champions, NBA, Coupe Davis et paris en direct avec des cotes parmi les plus \u00e9lev\u00e9es du march\u00e9.","robots":{"index":"index","follow":"follow","max-snippet":"max-snippet:-1","max-image-preview":"max-image-preview:large","max-video-preview":"max-video-preview:-1"},"og_locale":"fr_FR","og_type":"article","og_url":"https:\/\/paripesa-zambia.com\/fr\/paris-sportifs\/","og_site_name":"PariPesa Zambia","article_modified_time":"2026-02-24T10:43:02+00:00","schema":{"@context":"https:\/\/schema.org","@graph":[{"@type":"WebPage","@id":"https:\/\/paripesa-zambia.com\/fr\/paris-sportifs\/","url":"https:\/\/paripesa-zambia.com\/fr\/paris-sportifs\/","name":"Derni\u00e8res lignes de paris sportifs sur Paripesa Bet - Cotes \u00e9lev\u00e9es","isPartOf":{"@id":"https:\/\/paripesa-zambia.com\/#website"},"datePublished":"2025-12-16T11:23:53+00:00","dateModified":"2026-02-24T10:43:02+00:00","description":"Retrouvez les derni\u00e8res lignes de paris sur Paripesa Bet. Ligue des Champions, NBA, Coupe Davis et paris en direct avec des cotes parmi les plus \u00e9lev\u00e9es du march\u00e9.","breadcrumb":{"@id":"https:\/\/paripesa-zambia.com\/fr\/paris-sportifs\/#breadcrumb"},"inLanguage":"fr-FR","potentialAction":[{"@type":"ReadAction","target":["https:\/\/paripesa-zambia.com\/fr\/paris-sportifs\/"]}]},{"@type":"BreadcrumbList","@id":"https:\/\/paripesa-zambia.com\/fr\/paris-sportifs\/#breadcrumb","itemListElement":[{"@type":"ListItem","position":1,"name":"Paripesa","item":"https:\/\/paripesa-zambia.com\/fr\/"},{"@type":"ListItem","position":2,"name":"Betting Lines"}]},{"@type":"WebSite","@id":"https:\/\/paripesa-zambia.com\/#website","url":"https:\/\/paripesa-zambia.com\/","name":"PariPesa Zambia","description":"PariPesa Zambia","potentialAction":[{"@type":"SearchAction","target":{"@type":"EntryPoint","urlTemplate":"https:\/\/paripesa-zambia.com\/?s={search_term_string}"},"query-input":"required name=search_term_string"}],"inLanguage":"fr-FR"}]}},"_links":{"self":[{"href":"https:\/\/paripesa-zambia.com\/fr\/wp-json\/wp\/v2\/pages\/519"}],"collection":[{"href":"https:\/\/paripesa-zambia.com\/fr\/wp-json\/wp\/v2\/pages"}],"about":[{"href":"https:\/\/paripesa-zambia.com\/fr\/wp-json\/wp\/v2\/types\/page"}],"author":[{"embeddable":true,"href":"https:\/\/paripesa-zambia.com\/fr\/wp-json\/wp\/v2\/users\/1"}],"replies":[{"embeddable":true,"href":"https:\/\/paripesa-zambia.com\/fr\/wp-json\/wp\/v2\/comments?post=519"}],"version-history":[{"count":6,"href":"https:\/\/paripesa-zambia.com\/fr\/wp-json\/wp\/v2\/pages\/519\/revisions"}],"predecessor-version":[{"id":606,"href":"https:\/\/paripesa-zambia.com\/fr\/wp-json\/wp\/v2\/pages\/519\/revisions\/606"}],"wp:attachment":[{"href":"https:\/\/paripesa-zambia.com\/fr\/wp-json\/wp\/v2\/media?parent=519"}],"curies":[{"name":"wp","href":"https:\/\/api.w.org\/{rel}","templated":true}]}}